{"id":11,"date":"2018-05-10T10:41:58","date_gmt":"2018-05-10T10:41:58","guid":{"rendered":"https:\/\/2018.thessaloniki.wordcamp.org\/location\/"},"modified":"2018-11-02T19:53:43","modified_gmt":"2018-11-02T16:53:43","slug":"%cf%87%cf%8e%cf%81%ce%bf%cf%82","status":"publish","type":"page","link":"https:\/\/thessaloniki.wordcamp.org\/2018\/%cf%87%cf%8e%cf%81%ce%bf%cf%82\/","title":{"rendered":"\u03a7\u03ce\u03c1\u03bf\u03c2"},"content":{"rendered":"<p>\u03a4\u03bf WordCamp Thessaloniki 2018 \u03b8\u03b1 \u03c6\u03b9\u03bb\u03bf\u03be\u03b5\u03bd\u03b7\u03b8\u03b5\u03af \u03c3\u03c4\u03bf <a href=\"http:\/\/www.tch.gr\/\">\u039c\u03ad\u03b3\u03b1\u03c1\u03bf \u039c\u03bf\u03c5\u03c3\u03b9\u03ba\u03ae\u03c2 \u0398\u03b5\u03c3\u03c3\u03b1\u03bb\u03bf\u03bd\u03af\u03ba\u03b7\u03c2<\/a> \u03ba\u03b1\u03b9 \u03c0\u03b9\u03bf \u03c3\u03c5\u03b3\u03ba\u03b5\u03ba\u03c1\u03b9\u03bc\u03ad\u03bd\u03b1 \u03c3\u03c4\u03bf \u03ba\u03c4\u03af\u03c1\u03b9\u03bf \u039c2 \u03ba\u03b1\u03b9 \u03c4\u03b7\u03bd \u03b1\u03af\u03b8\u03bf\u03c5\u03c3\u03b1\u00a0\u039c\u03c9\u03c1\u03af\u03c2 \u03a3\u03b1\u03bb\u03c4\u03b9\u03ad\u03bb \u03c3\u03c4\u03bf\u03bd 5\u03bf \u03cc\u03c1\u03bf\u03c6\u03bf, \u03b5\u03bd\u03ce \u03c4\u03b1 \u03b4\u03b9\u03b1\u03bb\u03b5\u03af\u03bc\u03bc\u03b1\u03c4\u03b1 \u03b3\u03b9\u03b1 \u03ba\u03b1\u03c6\u03ad \u03ba\u03b1\u03b9 \u03c6\u03b1\u03b3\u03b7\u03c4\u03cc \u03b8\u03b1 \u03b3\u03af\u03bd\u03bf\u03c5\u03bd \u03c3\u03c4\u03bf \u03c6\u03bf\u03c5\u03b1\u03b3\u03b9\u03ad \u03b1\u03bb\u03bb\u03ac \u03ba\u03b1\u03b9 \u03c3\u03c4\u03bf \u03b5\u03bd\u03c4\u03c5\u03c0\u03c9\u03c3\u03b9\u03b1\u03ba\u03cc \u03ba\u03b1\u03c6\u03ad-\u03b5\u03c3\u03c4\u03b9\u03b1\u03c4\u03cc\u03c1\u03b9\u03bf Allegro, \u03c4\u03bf\u03c5 \u03af\u03b4\u03b9\u03bf\u03c5 \u03bf\u03c1\u03cc\u03c6\u03bf\u03c5.<\/p>\n<p class=\"jetpack-slideshow-noscript robots-nocontent\">\u03a4\u03bf \u03c3\u03bb\u03ac\u03b9\u03bd\u03c4 \u03b1\u03c0\u03b1\u03b9\u03c4\u03b5\u03af \u03c4\u03b7\u03bd \u03c7\u03c1\u03ae\u03c3\u03b7 JavaScript.<\/p><div id=\"gallery-11-1-slideshow\" class=\"jetpack-slideshow-window jetpack-slideshow jetpack-slideshow-black\" data-trans=\"fade\" data-autostart=\"1\" data-gallery=\"[{&quot;src&quot;:&quot;https:\\\/\\\/thessaloniki.wordcamp.org\\\/2018\\\/files\\\/2018\\\/07\\\/32-\\u00ef\\u00e4\\u00e9\\u00c7\\u00c9\\u00c4-\\u00ef2-1024x580.jpg&quot;,&quot;id&quot;:&quot;352&quot;,&quot;title&quot;:&quot;32-\\u00ef\\u00e4\\u00e9\\u00c7\\u00c9\\u00c4-\\u00ef2&quot;,&quot;alt&quot;:&quot;&quot;,&quot;caption&quot;:&quot;Thessaloniki Concert Hall (\\u039c2 building)&quot;,&quot;itemprop&quot;:&quot;image&quot;},{&quot;src&quot;:&quot;https:\\\/\\\/thessaloniki.wordcamp.org\\\/2018\\\/files\\\/2018\\\/07\\\/94-\\u00ef\\u00e4\\u00e9\\u00c7\\u00c9\\u00c4-\\u00ef2-1024x538.jpg&quot;,&quot;id&quot;:&quot;354&quot;,&quot;title&quot;:&quot;94-\\u00ef\\u00e4\\u00e9\\u00c7\\u00c9\\u00c4-\\u00ef2&quot;,&quot;alt&quot;:&quot;&quot;,&quot;caption&quot;:&quot;Thessaloniki Concert Hall (\\u039c2 building)&quot;,&quot;itemprop&quot;:&quot;image&quot;},{&quot;src&quot;:&quot;https:\\\/\\\/thessaloniki.wordcamp.org\\\/2018\\\/files\\\/2018\\\/07\\\/DSC_0046-1024x681.jpg&quot;,&quot;id&quot;:&quot;1259&quot;,&quot;title&quot;:&quot;DSC_0046&quot;,&quot;alt&quot;:&quot;&quot;,&quot;caption&quot;:&quot;Caf\\u00e8-Restaurant Allegro&quot;,&quot;itemprop&quot;:&quot;image&quot;},{&quot;src&quot;:&quot;https:\\\/\\\/thessaloniki.wordcamp.org\\\/2018\\\/files\\\/2018\\\/07\\\/DSC_1820-1024x684.jpg&quot;,&quot;id&quot;:&quot;1260&quot;,&quot;title&quot;:&quot;DSC_1820&quot;,&quot;alt&quot;:&quot;&quot;,&quot;caption&quot;:&quot;Caf\\u00e8-Restaurant Allegro&quot;,&quot;itemprop&quot;:&quot;image&quot;},{&quot;src&quot;:&quot;https:\\\/\\\/thessaloniki.wordcamp.org\\\/2018\\\/files\\\/2018\\\/07\\\/39-\\u00ef\\u00e4\\u00e9\\u00c7\\u00c9\\u00c4-\\u00ef2-1024x683.jpg&quot;,&quot;id&quot;:&quot;353&quot;,&quot;title&quot;:&quot;39-\\u00ef\\u00e4\\u00e9\\u00c7\\u00c9\\u00c4-\\u00ef2&quot;,&quot;alt&quot;:&quot;&quot;,&quot;caption&quot;:&quot;Thessaloniki Concert Hall (\\u039c2 building)&quot;,&quot;itemprop&quot;:&quot;image&quot;},{&quot;src&quot;:&quot;https:\\\/\\\/thessaloniki.wordcamp.org\\\/2018\\\/files\\\/2018\\\/07\\\/DSC_0050-2-1024x681.jpg&quot;,&quot;id&quot;:&quot;1261&quot;,&quot;title&quot;:&quot;DSC_0050 (2)&quot;,&quot;alt&quot;:&quot;&quot;,&quot;caption&quot;:&quot;Caf\\u00e8-Restaurant Allegro&quot;,&quot;itemprop&quot;:&quot;image&quot;}]\" itemscope itemtype=\"https:\/\/schema.org\/ImageGallery\"><\/div>\n<p>\u03a3\u03c7\u03b5\u03b4\u03b9\u03b1\u03c3\u03bc\u03ad\u03bd\u03bf \u03b1\u03c0\u03cc \u03c4\u03bf \u03b4\u03b9\u03ac\u03c3\u03b7\u03bc\u03bf \u03b1\u03c1\u03c7\u03b9\u03c4\u03ad\u03ba\u03c4\u03bf\u03bd\u03b1 \u0391\u03c1\u03ac\u03c4\u03b1 \u0399\u03c3\u03bf\u03b6\u03ac\u03ba\u03b9, \u03c4\u03bf \u03ba\u03c4\u03af\u03c1\u03b9\u03bf \u039c2 \u03c7\u03b1\u03c1\u03af\u03b6\u03b5\u03b9 \u03c3\u03c4\u03b7\u03bd \u03c0\u03cc\u03bb\u03b7 \u03bc\u03b9\u03b1 \u03bc\u03bf\u03bd\u03b1\u03b4\u03b9\u03ba\u03ae \u03ba\u03b1\u03c4\u03b1\u03c3\u03ba\u03b5\u03c5\u03ae \u03c0\u03bf\u03c5 \u03c3\u03c5\u03bd\u03bf\u03c8\u03af\u03b6\u03b5\u03b9 \u03c4\u03b9\u03c2 \u03b1\u03c1\u03b5\u03c4\u03ad\u03c2 \u03c4\u03b7\u03c2 \u03bc\u03bf\u03bd\u03c4\u03ad\u03c1\u03bd\u03b1\u03c2 \u03b1\u03c1\u03c7\u03b9\u03c4\u03b5\u03ba\u03c4\u03bf\u03bd\u03b9\u03ba\u03ae\u03c2. \u0393\u03b5\u03c9\u03bc\u03b5\u03c4\u03c1\u03b9\u03ba\u03ad\u03c2 \u03b3\u03c1\u03b1\u03bc\u03bc\u03ad\u03c2, \u03bc\u03b5\u03b3\u03ac\u03bb\u03b5\u03c2 \u03b3\u03c5\u03ac\u03bb\u03b9\u03bd\u03b5\u03c2 \u03b5\u03c0\u03b9\u03c6\u03ac\u03bd\u03b5\u03b9\u03b5\u03c2 \u03ba\u03b1\u03b9 \u03bc\u03b5\u03c4\u03b1\u03bb\u03bb\u03b9\u03ba\u03ac \u03c3\u03c4\u03bf\u03b9\u03c7\u03b5\u03af\u03b1 \u03c3\u03c5\u03bd\u03b8\u03ad\u03c4\u03bf\u03c5\u03bd \u03bc\u03b9\u03b1 \u03b5\u03b9\u03ba\u03cc\u03bd\u03b1 \u03b5\u03c0\u03b9\u03b2\u03bb\u03b7\u03c4\u03b9\u03ba\u03ae\u03c2 \u03b1\u03c0\u03bb\u03cc\u03c4\u03b7\u03c4\u03b1\u03c2, \u03c0\u03bf\u03c5 \u03ad\u03c1\u03c7\u03b5\u03c4\u03b1\u03b9 \u03c3\u03b5 \u03b1\u03bd\u03c4\u03af\u03b8\u03b5\u03c3\u03b7 \u03b1\u03bb\u03bb\u03ac \u03c3\u03c4\u03ad\u03ba\u03b5\u03c4\u03b1\u03b9 \u03b9\u03c3\u03cc\u03c4\u03b9\u03bc\u03b1 \u03b4\u03af\u03c0\u03bb\u03b1 \u03c3\u03c4\u03bf \u03b3\u03b5\u03b9\u03c4\u03bf\u03bd\u03b9\u03ba\u03cc \u039c1.<\/p>\n<p>\u03a4\u03bf \u039c\u03ad\u03b3\u03b1\u03c1\u03bf \u039c\u03bf\u03c5\u03c3\u03b9\u03ba\u03ae\u03c2 \u0398\u03b5\u03c3\u03c3\u03b1\u03bb\u03bf\u03bd\u03af\u03ba\u03b7\u03c2 \u03b2\u03c1\u03af\u03c3\u03ba\u03b5\u03c4\u03b1\u03b9 \u03c3\u03c4\u03b7 \u03c3\u03c5\u03bc\u03b2\u03bf\u03bb\u03ae \u03c4\u03b7\u03c2 \u03bf\u03b4\u03bf\u03cd\u00a0<strong>25\u03b7\u03c2 \u039c\u03b1\u03c1\u03c4\u03af\u03bf\u03c5 \u03bc\u03b5 \u03c4\u03b7\u03bd \u03c0\u03b1\u03c1\u03b1\u03bb\u03af\u03b1<\/strong>, \u03b1\u03ba\u03c1\u03b9\u03b2\u03ce\u03c2 \u03b4\u03af\u03c0\u03bb\u03b1 \u03b1\u03c0\u03cc \u03c4\u03bf \u03a0\u03bf\u03c3\u03b5\u03b9\u03b4\u03ce\u03bd\u03b9\u03bf \u0391\u03b8\u03bb\u03b7\u03c4\u03b9\u03ba\u03cc \u039a\u03ad\u03bd\u03c4\u03c1\u03bf.<\/p>\n<p>\u0391\u03c0\u03cc \u03c4\u03bf\u03c5\u03c2 \u03b5\u03be\u03c9\u03c4\u03b5\u03c1\u03b9\u03ba\u03bf\u03cd\u03c2 \u03c7\u03ce\u03c1\u03bf\u03c5\u03c2 \u03c4\u03bf\u03c5 \u039c\u03b5\u03b3\u03ac\u03c1\u03bf\u03c5 \u039c\u03bf\u03c5\u03c3\u03b9\u03ba\u03ae\u03c2 \u0398\u03b5\u03c3\u03c3\u03b1\u03bb\u03bf\u03bd\u03af\u03ba\u03b7\u03c2 \u03bc\u03ad\u03c7\u03c1\u03b9 \u03c4\u03bf \u03b5\u03c3\u03c9\u03c4\u03b5\u03c1\u03b9\u03ba\u03cc \u03c4\u03bf\u03c5, \u03c4\u03b1 \u03ac\u03c4\u03bf\u03bc\u03b1 \u03bc\u03b5 \u03b5\u03b9\u03b4\u03b9\u03ba\u03ad\u03c2 \u03b1\u03bd\u03ac\u03b3\u03ba\u03b5\u03c2\u00a0<strong>\u03ad\u03c7\u03bf\u03c5\u03bd \u03c4\u03b7 \u03b4\u03c5\u03bd\u03b1\u03c4\u03cc\u03c4\u03b7\u03c4\u03b1 \u03bd\u03b1 \u03ba\u03b9\u03bd\u03b7\u03b8\u03bf\u03cd\u03bd \u03bc\u03b5 \u03b5\u03c5\u03ba\u03bf\u03bb\u03af\u03b1<\/strong>.<\/p>\n<h2>\u03a0\u03c1\u03cc\u03c3\u03b2\u03b1\u03c3\u03b7<\/h2>\n<p>\u039c\u03c0\u03bf\u03c1\u03b5\u03af\u03c4\u03b5 \u03bc\u03b5 \u03c4\u03b1 \u039c\u03ad\u03c3\u03b1 \u039c\u03b1\u03b6\u03b9\u03ba\u03ae\u03c2 \u039c\u03b5\u03c4\u03b1\u03c6\u03bf\u03c1\u03ac\u03c2 \u03bd\u03b1 \u03ad\u03c1\u03b8\u03b5\u03c4\u03b5 \u03c3\u03c4\u03bf \u039c\u03ad\u03b3\u03b1\u03c1\u03bf \u039c\u03bf\u03c5\u03c3\u03b9\u03ba\u03ae\u03c2 \u03b1\u03c0\u03cc \u03cc\u03bb\u03b5\u03c2 \u03c4\u03b9\u03c2 \u03b3\u03b5\u03b9\u03c4\u03bf\u03bd\u03b9\u03ad\u03c2 \u03c4\u03b7\u03c2 \u0398\u03b5\u03c3\u03c3\u03b1\u03bb\u03bf\u03bd\u03af\u03ba\u03b7\u03c2.<\/p>\n<p><u><strong>\u039b\u03b5\u03c9\u03c6\u03bf\u03c1\u03b5\u03af\u03bf<\/strong><\/u>:<br \/>\n\u03a4\u03bf \u039c\u03ad\u03b3\u03b1\u03c1\u03bf \u03b2\u03c1\u03af\u03c3\u03ba\u03b5\u03c4\u03b1\u03b9 \u03c3\u03b5 \u03b1\u03c0\u03cc\u03c3\u03c4\u03b1\u03c3\u03b7 100 \u03bc\u03ad\u03c4\u03c1\u03c9\u03bd \u03b1\u03c0\u03cc \u03c4\u03b7 \u03c3\u03c4\u03ac\u03c3\u03b7 \u00ab\u039c\u03b1\u03c1\u03c4\u03af\u03bf\u03c5\u00bb \u03b1\u03c0\u03cc \u03c4\u03b7\u03bd \u03bf\u03c0\u03bf\u03af\u03b1 \u03c0\u03b5\u03c1\u03bd\u03bf\u03cd\u03bd \u03c4\u03b1 \u03bb\u03b5\u03c9\u03c6\u03bf\u03c1\u03b5\u03af\u03b1\u00a0<strong>5<\/strong>\u00a0\/\u00a0<strong>6<\/strong>\u00a0\/\u00a0<strong>8<\/strong>\u00a0\/\u00a0<strong>33<\/strong>, \u03b5\u03bd\u03ce \u03b1\u03c0\u03cc \u03c4\u03b7 \u03c3\u03c4\u03ac\u03c3\u03b7 &#8220;\u0393\u03b5\u03c9\u03c1\u03b3\u03af\u03bf\u03c5&#8221;, \u03c0\u03bf\u03c5 \u03b2\u03c1\u03af\u03c3\u03ba\u03b5\u03c4\u03b1\u03b9 \u03c3\u03b5 \u03b1\u03c0\u03cc\u03c3\u03c4\u03b1\u03c3\u03b7 \u03c0\u03b5\u03c1\u03af\u03c0\u03bf\u03c5 200 \u03bc\u03ad\u03c4\u03c1\u03c9\u03bd, \u03c0\u03b5\u03c1\u03bd\u03bf\u03cd\u03bd \u03c4\u03b1 \u03bb\u03b5\u03c9\u03c6\u03bf\u03c1\u03b5\u03af\u03b1\u00a0<strong>30<\/strong>\u00a0\/\u00a0<strong>78<\/strong>.<br \/>\n<a href=\"http:\/\/www.oasth.gr\/\" target=\"_blank\" rel=\"noopener\">www.oasth.gr<\/a><\/p>\n<p><u><strong>Taxi<\/strong>:<\/u><br \/>\n\u03a3\u03c4\u03ac\u03c3\u03b7 taxi \u03c5\u03c0\u03ac\u03c1\u03c7\u03b5\u03b9 \u03bc\u03c0\u03c1\u03bf\u03c3\u03c4\u03ac \u03c3\u03c4\u03b7\u03bd \u03b5\u03af\u03c3\u03bf\u03b4\u03bf \u03c4\u03bf\u03c5 \u039c\u03b5\u03b3\u03ac\u03c1\u03bf\u03c5 \u039c\u03bf\u03c5\u03c3\u03b9\u03ba\u03ae\u03c2, \u03cc\u03c0\u03bf\u03c5 \u03c5\u03c0\u03ac\u03c1\u03c7\u03bf\u03c5\u03bd \u03c0\u03ac\u03bd\u03c4\u03b1 taxi \u03bc\u03b5\u03c4\u03ac \u03c4\u03bf \u03c0\u03ad\u03c1\u03b1\u03c2 \u03c4\u03c9\u03bd \u03c0\u03b1\u03c1\u03b1\u03c3\u03c4\u03ac\u03c3\u03b5\u03c9\u03bd.<\/p>\n<h2>\u03a3\u03c4\u03ac\u03b8\u03bc\u03b5\u03c5\u03c3\u03b7<\/h2>\n<p>To \u03c5\u03c0\u03cc\u03b3\u03b5\u03b9\u03bf parking \u03c4\u03bf\u03c5 \u039c\u03b5\u03b3\u03ac\u03c1\u03bf\u03c5 \u039c\u03bf\u03c5\u03c3\u03b9\u03ba\u03ae\u03c2, \u03c0\u03bf\u03c5 \u03b2\u03c1\u03af\u03c3\u03ba\u03b5\u03c4\u03b1\u03b9 \u03c3\u03c4\u03bf \u03ba\u03c4\u03af\u03c1\u03b9\u03bf \u039c2\u00a0\u03ad\u03c7\u03b5\u03b9 \u03bc\u03ad\u03b3\u03b5\u03b8\u03bf\u03c2 11.800 \u03c4.\u03bc. \u03ba\u03b1\u03b9 230 \u03b8\u03ad\u03c3\u03b5\u03b9\u03c2. \u03a4\u03b7\u03bd \u03b7\u03bc\u03ad\u03c1\u03b1 \u03c4\u03bf\u03c5 \u03c3\u03c5\u03bd\u03b5\u03b4\u03c1\u03af\u03bf\u03c5 \u03c4\u03bf \u03c0\u03ac\u03c1\u03ba\u03b9\u03bd\u03b3\u03ba \u03b8\u03b1 \u03b5\u03af\u03bd\u03b1\u03b9 \u03b4\u03c9\u03c1\u03b5\u03ac\u03bd \u03b3\u03b9\u03b1 \u03cc\u03bb\u03bf\u03c5\u03c2 \u03c4\u03bf\u03c5\u03c2 \u03c3\u03c5\u03bc\u03bc\u03b5\u03c4\u03ad\u03c7\u03bf\u03bd\u03c4\u03b5\u03c2 \u03c3\u03c4\u03bf WordCamp.<\/p>\n<p><strong>\u039c\u03ad\u03b3\u03b1\u03c1\u03bf \u039c\u03bf\u03c5\u03c3\u03b9\u03ba\u03ae\u03c2 \u0398\u03b5\u03c3\u03c3\u03b1\u03bb\u03bf\u03bd\u03af\u03ba\u03b7\u03c2<br \/>\n25\u03b7\u03c2 \u039c\u03b1\u03c1\u03c4\u03af\u03bf\u03c5 \u03ba\u03b1\u03b9 \u03a0\u03b1\u03c1\u03b1\u03bb\u03af\u03b1<br \/>\n54646 \u0398\u03b5\u03c3\u03c3\u03b1\u03bb\u03bf\u03bd\u03af\u03ba\u03b7\u00a0<\/strong><\/p>\n<h2>\u0391\u03af\u03b8\u03bf\u03c5\u03c3\u03b1 \u039c\u03c9\u03c1\u03af\u03c2 \u03a3\u03b1\u03bb\u03c4\u03b9\u03ad\u03bb<\/h2>\n<figure id=\"attachment_355\" aria-describedby=\"caption-attachment-355\" style=\"width: 974px\" class=\"wp-caption aligncenter\"><img loading=\"lazy\" decoding=\"async\" data-attachment-id=\"355\" data-permalink=\"https:\/\/thessaloniki.wordcamp.org\/2018\/venue\/co%c6%92a%c2%bcy_ioo%c2%ac_aeyo%c2%bdaoo2\/\" data-orig-file=\"https:\/\/thessaloniki.wordcamp.org\/2018\/files\/2018\/07\/\u00c7\u00d5\u0192\u00aa\u00bc\u00ae\u00ff_\u00ef\u00d3\u00bf\u00d5\u00ac_\u00e6\u00ff\u00f3\u00bd\u00e1\u00d4\u00f32.jpg\" data-orig-size=\"5616,3744\" data-comments-opened=\"1\" data-image-meta=\"{&quot;aperture&quot;:&quot;0&quot;,&quot;credit&quot;:&quot;&quot;,&quot;camera&quot;:&quot;&quot;,&quot;caption&quot;:&quot;&quot;,&quot;created_timestamp&quot;:&quot;0&quot;,&quot;copyright&quot;:&quot;&quot;,&quot;focal_length&quot;:&quot;0&quot;,&quot;iso&quot;:&quot;0&quot;,&quot;shutter_speed&quot;:&quot;0&quot;,&quot;title&quot;:&quot;&quot;,&quot;orientation&quot;:&quot;0&quot;}\" data-image-title=\"\u00c7\u00d5\u0192\u00aa\u00bc\u00ae\u00ff_\u00ef\u00d3\u00bf\u00d5\u00ac_\u00e6\u00ff\u00f3\u00bd\u00e1\u00d4\u00f32\" data-image-description=\"\" data-image-caption=\"&lt;p&gt;\u0391\u03af\u03b8\u03bf\u03c5\u03c3\u03b1 \u039c\u03c9\u03c1\u03af\u03c2 \u03a3\u03b1\u03bb\u03c4\u03b9\u03ad\u03bb @\u039c\u03ad\u03b3\u03b1\u03c1\u03bf \u039c\u03bf\u03c5\u03c3\u03b9\u03ba\u03ae\u03c2 \u0398\u03b5\u03c3\u03c3\u03b1\u03bb\u03bf\u03bd\u03af\u03ba\u03b7\u03c2 (\u03ba\u03c4\u03af\u03c1\u03b9\u03bf \u039c2)&lt;\/p&gt;\n\" data-medium-file=\"https:\/\/thessaloniki.wordcamp.org\/2018\/files\/2018\/07\/\u00c7\u00d5\u0192\u00aa\u00bc\u00ae\u00ff_\u00ef\u00d3\u00bf\u00d5\u00ac_\u00e6\u00ff\u00f3\u00bd\u00e1\u00d4\u00f32-300x200.jpg\" data-large-file=\"https:\/\/thessaloniki.wordcamp.org\/2018\/files\/2018\/07\/\u00c7\u00d5\u0192\u00aa\u00bc\u00ae\u00ff_\u00ef\u00d3\u00bf\u00d5\u00ac_\u00e6\u00ff\u00f3\u00bd\u00e1\u00d4\u00f32-1024x683.jpg\" class=\"size-large wp-image-355\" src=\"https:\/\/2018.thessaloniki.wordcamp.org\/files\/2018\/07\/\u00c7\u00d5\u0192\u00aa\u00bc\u00ae\u00ff_\u00ef\u00d3\u00bf\u00d5\u00ac_\u00e6\u00ff\u00f3\u00bd\u00e1\u00d4\u00f32-1024x683.jpg\" alt=\"\" width=\"974\" height=\"650\" srcset=\"https:\/\/thessaloniki.wordcamp.org\/2018\/files\/2018\/07\/\u00c7\u00d5\u0192\u00aa\u00bc\u00ae\u00ff_\u00ef\u00d3\u00bf\u00d5\u00ac_\u00e6\u00ff\u00f3\u00bd\u00e1\u00d4\u00f32-1024x683.jpg 1024w, https:\/\/thessaloniki.wordcamp.org\/2018\/files\/2018\/07\/\u00c7\u00d5\u0192\u00aa\u00bc\u00ae\u00ff_\u00ef\u00d3\u00bf\u00d5\u00ac_\u00e6\u00ff\u00f3\u00bd\u00e1\u00d4\u00f32-300x200.jpg 300w, https:\/\/thessaloniki.wordcamp.org\/2018\/files\/2018\/07\/\u00c7\u00d5\u0192\u00aa\u00bc\u00ae\u00ff_\u00ef\u00d3\u00bf\u00d5\u00ac_\u00e6\u00ff\u00f3\u00bd\u00e1\u00d4\u00f32-768x512.jpg 768w, https:\/\/thessaloniki.wordcamp.org\/2018\/files\/2018\/07\/\u00c7\u00d5\u0192\u00aa\u00bc\u00ae\u00ff_\u00ef\u00d3\u00bf\u00d5\u00ac_\u00e6\u00ff\u00f3\u00bd\u00e1\u00d4\u00f32-450x300.jpg 450w\" sizes=\"auto, (max-width: 974px) 100vw, 974px\" \/><figcaption id=\"caption-attachment-355\" class=\"wp-caption-text\">\u0391\u03af\u03b8\u03bf\u03c5\u03c3\u03b1 \u039c\u03c9\u03c1\u03af\u03c2 \u03a3\u03b1\u03bb\u03c4\u03b9\u03ad\u03bb @\u039c\u03ad\u03b3\u03b1\u03c1\u03bf \u039c\u03bf\u03c5\u03c3\u03b9\u03ba\u03ae\u03c2 \u0398\u03b5\u03c3\u03c3\u03b1\u03bb\u03bf\u03bd\u03af\u03ba\u03b7\u03c2 (\u03ba\u03c4\u03af\u03c1\u03b9\u03bf \u039c2)<\/figcaption><\/figure>\n<p>\u0397 \u03b1\u03af\u03b8\u03bf\u03c5\u03c3\u03b1\u00a0\u039c\u03c9\u03c1\u03af\u03c2 \u03a3\u03b1\u03bb\u03c4\u03b9\u03ad\u03bb \u03c3\u03c4\u03bf\u03bd 5\u03bf \u03cc\u03c1\u03bf\u03c6\u03bf \u03c4\u03bf\u03c5 \u03ba\u03c4\u03b9\u03c1\u03af\u03bf\u03c5 \u039c2, \u03c7\u03c9\u03c1\u03b7\u03c4\u03b9\u03ba\u03cc\u03c4\u03b7\u03c4\u03b1\u03c2 <strong>320+ \u03b1\u03c4\u03cc\u03bc\u03c9\u03bd <\/strong>\u03bc\u03b5 \u03b7\u03c7\u03b7\u03c4\u03b9\u03ba\u03ae \u03ba\u03b1\u03b9 \u03bc\u03b9\u03ba\u03c1\u03bf\u03c6\u03c9\u03bd\u03b9\u03ba\u03ae \u03b5\u03b3\u03ba\u03b1\u03c4\u03ac\u03c3\u03c4\u03b1\u03c3\u03b7, \u03ba\u03b1\u03bc\u03c0\u03af\u03bd\u03b5\u03c2 \u03c4\u03b1\u03c5\u03c4\u03cc\u03c7\u03c1\u03bf\u03bd\u03b7\u03c2 \u03bc\u03b5\u03c4\u03ac\u03c6\u03c1\u03b1\u03c3\u03b7\u03c2, \u03bc\u03b9\u03ba\u03c1\u03cc\u03c6\u03c9\u03bd\u03b1 \u03ba\u03bf\u03b9\u03bd\u03bf\u03cd, video projector, \u03b4\u03c5\u03bd\u03b1\u03c4\u03cc\u03c4\u03b7\u03c4\u03b1 \u03bc\u03b5\u03c4\u03ac\u03b4\u03bf\u03c3\u03b7\u03c2 \u03b5\u03b9\u03ba\u03cc\u03bd\u03b1\u03c2-\u03ae\u03c7\u03bf\u03c5 (streaming), \u03bf\u03b8\u03cc\u03bd\u03b7 \u03c0\u03c1\u03bf\u03b2\u03bf\u03bb\u03ae\u03c2 (4 \u03bc\u03ad\u03c4\u03c1\u03b1 \u03c0\u03bb\u03ac\u03c4\u03bf\u03c2 4:3), \u03b4\u03c5\u03bd\u03b1\u03c4\u03cc\u03c4\u03b7\u03c4\u03b1 \u03bc\u03b1\u03b3\u03bd\u03b7\u03c4\u03bf\u03c6\u03ce\u03bd\u03b7\u03c3\u03b7\u03c2 \u03b5\u03ba\u03b4\u03ae\u03bb\u03c9\u03c3\u03b7\u03c2, \u03ba\u03bb\u03b9\u03bc\u03b1\u03c4\u03b9\u03c3\u03bc\u03cc \u03ba\u03b1\u03b9 Wi-Fi<span style=\"font-size: small\">,\u00a0<\/span>\u03bc\u03c0\u03bf\u03c1\u03b5\u03af \u03bd\u03b1 \u03c7\u03c9\u03c1\u03b9\u03c3\u03c4\u03b5\u03af \u03c3\u03b5 \u03b4\u03cd\u03bf \u03ae \u03c4\u03c1\u03b5\u03b9\u03c2 \u03b1\u03af\u03b8\u03bf\u03c5\u03c3\u03b5\u03c2, \u03c0\u03b1\u03c1\u03ad\u03c7\u03bf\u03bd\u03c4\u03b1\u03c2 \u03ad\u03c4\u03c3\u03b9 \u03c4\u03b7 \u03b4\u03c5\u03bd\u03b1\u03c4\u03cc\u03c4\u03b7\u03c4\u03b1 \u03b3\u03b9\u03b1 \u03c4\u03b7\u03bd \u03c0\u03c1\u03b1\u03b3\u03bc\u03b1\u03c4\u03bf\u03c0\u03bf\u03af\u03b7\u03c3\u03b7 \u03bc\u03b9\u03b1\u03c2 \u03c3\u03b5\u03b9\u03c1\u03ac\u03c2 \u03b4\u03b9\u03b1\u03c6\u03bf\u03c1\u03b5\u03c4\u03b9\u03ba\u03bf\u03cd \u03c4\u03cd\u03c0\u03bf\u03c5 \u03b5\u03ba\u03b4\u03b7\u03bb\u03ce\u03c3\u03b5\u03c9\u03bd.<\/p>\n<h2>\u03a7\u03ac\u03c1\u03c4\u03b7\u03c2<\/h2>\n<div class=\"googlemaps\">\n\t\t\t\t<iframe loading=\"lazy\" width=\"100\" height=\"450\" frameborder=\"0\" scrolling=\"no\" marginheight=\"0\" marginwidth=\"0\"  src=\"https:\/\/www.google.com\/maps\/embed?pb=!1m18!1m12!1m3!1d3029.465827953814!2d22.945778415401417!3d40.59754487934446!2m3!1f0!2f0!3f0!3m2!1i1024!2i768!4f13.1!3m3!1m2!1s0x14a8392b908101d9:0x38a3f6c30bd4f5ce!2sThessaloniki%20Concert%20Hall!5e0!3m2!1sen!2sgr!4v1541177238950\"><\/iframe>\n\t\t\t<\/div>\n","protected":false},"excerpt":{"rendered":"<p>\u03a4\u03bf WordCamp Thessaloniki 2018 \u03b8\u03b1 \u03c6\u03b9\u03bb\u03bf\u03be\u03b5\u03bd\u03b7\u03b8\u03b5\u03af \u03c3\u03c4\u03bf \u039c\u03ad\u03b3\u03b1\u03c1\u03bf \u039c\u03bf\u03c5\u03c3\u03b9\u03ba\u03ae\u03c2 \u0398\u03b5\u03c3\u03c3\u03b1\u03bb\u03bf\u03bd\u03af\u03ba\u03b7\u03c2 \u03ba\u03b1\u03b9 \u03c0\u03b9\u03bf \u03c3\u03c5\u03b3\u03ba\u03b5\u03ba\u03c1\u03b9\u03bc\u03ad\u03bd\u03b1 \u03c3\u03c4\u03bf \u03ba\u03c4\u03af\u03c1\u03b9\u03bf \u039c2 \u03ba\u03b1\u03b9 \u03c4\u03b7\u03bd \u03b1\u03af\u03b8\u03bf\u03c5\u03c3\u03b1\u00a0\u039c\u03c9\u03c1\u03af\u03c2 \u03a3\u03b1\u03bb\u03c4\u03b9\u03ad\u03bb \u03c3\u03c4\u03bf\u03bd 5\u03bf \u03cc\u03c1\u03bf\u03c6\u03bf, \u03b5\u03bd\u03ce \u03c4\u03b1 \u03b4\u03b9\u03b1\u03bb\u03b5\u03af\u03bc\u03bc\u03b1\u03c4\u03b1 \u03b3\u03b9\u03b1 \u03ba\u03b1\u03c6\u03ad \u03ba\u03b1\u03b9 \u03c6\u03b1\u03b3\u03b7\u03c4\u03cc \u03b8\u03b1 \u03b3\u03af\u03bd\u03bf\u03c5\u03bd \u03c3\u03c4\u03bf \u03c6\u03bf\u03c5\u03b1\u03b3\u03b9\u03ad \u03b1\u03bb\u03bb\u03ac \u03ba\u03b1\u03b9 \u03c3\u03c4\u03bf \u03b5\u03bd\u03c4\u03c5\u03c0\u03c9\u03c3\u03b9\u03b1\u03ba\u03cc \u03ba\u03b1\u03c6\u03ad-\u03b5\u03c3\u03c4\u03b9\u03b1\u03c4\u03cc\u03c1\u03b9\u03bf Allegro, \u03c4\u03bf\u03c5 \u03af\u03b4\u03b9\u03bf\u03c5 \u03bf\u03c1\u03cc\u03c6\u03bf\u03c5. \u03a3\u03c7\u03b5\u03b4\u03b9\u03b1\u03c3\u03bc\u03ad\u03bd\u03bf \u03b1\u03c0\u03cc \u03c4\u03bf \u03b4\u03b9\u03ac\u03c3\u03b7\u03bc\u03bf \u03b1\u03c1\u03c7\u03b9\u03c4\u03ad\u03ba\u03c4\u03bf\u03bd\u03b1 \u0391\u03c1\u03ac\u03c4\u03b1 \u0399\u03c3\u03bf\u03b6\u03ac\u03ba\u03b9, \u03c4\u03bf \u03ba\u03c4\u03af\u03c1\u03b9\u03bf \u039c2 \u03c7\u03b1\u03c1\u03af\u03b6\u03b5\u03b9 \u03c3\u03c4\u03b7\u03bd [&hellip;]<\/p>\n","protected":false},"author":14937431,"featured_media":1221,"parent":0,"menu_order":0,"comment_status":"closed","ping_status":"closed","template":"","meta":{"jetpack_post_was_ever_published":false,"footnotes":""},"class_list":["post-11","page","type-page","status-publish","has-post-thumbnail","hentry"],"jetpack_sharing_enabled":true,"jetpack_shortlink":"https:\/\/wp.me\/P9XPAu-b","_links":{"self":[{"href":"https:\/\/thessaloniki.wordcamp.org\/2018\/wp-json\/wp\/v2\/pages\/11","targetHints":{"allow":["GET"]}}],"collection":[{"href":"https:\/\/thessaloniki.wordcamp.org\/2018\/wp-json\/wp\/v2\/pages"}],"about":[{"href":"https:\/\/thessaloniki.wordcamp.org\/2018\/wp-json\/wp\/v2\/types\/page"}],"author":[{"embeddable":true,"href":"https:\/\/thessaloniki.wordcamp.org\/2018\/wp-json\/wp\/v2\/users\/14937431"}],"replies":[{"embeddable":true,"href":"https:\/\/thessaloniki.wordcamp.org\/2018\/wp-json\/wp\/v2\/comments?post=11"}],"version-history":[{"count":20,"href":"https:\/\/thessaloniki.wordcamp.org\/2018\/wp-json\/wp\/v2\/pages\/11\/revisions"}],"predecessor-version":[{"id":2429,"href":"https:\/\/thessaloniki.wordcamp.org\/2018\/wp-json\/wp\/v2\/pages\/11\/revisions\/2429"}],"wp:featuredmedia":[{"embeddable":true,"href":"https:\/\/thessaloniki.wordcamp.org\/2018\/wp-json\/wp\/v2\/media\/1221"}],"wp:attachment":[{"href":"https:\/\/thessaloniki.wordcamp.org\/2018\/wp-json\/wp\/v2\/media?parent=11"}],"curies":[{"name":"wp","href":"https:\/\/api.w.org\/{rel}","templated":true}]}}